{"id":22356,"date":"2017-07-12T07:26:40","date_gmt":"2017-07-12T07:26:40","guid":{"rendered":"http:\/\/www.miapropertyboutique.com\/customer-reviews-miapropertyboutique\/"},"modified":"2017-10-20T15:21:35","modified_gmt":"2017-10-20T15:21:35","slug":"customer-reviews-miapropertyboutique","status":"publish","type":"page","link":"https:\/\/www.miapropertyboutique.com\/sv\/customer-reviews-miapropertyboutique\/","title":{"rendered":"Customer Reviews"},"content":{"rendered":"<h2 style=\"text-align: center;\">Hear what our customers have to say about MIA<\/h2>\n<p>We work hard so that you, our customers, have a positive experience in an otherwise stressful process of buying or selling your home!<\/p>\n<p>We really appreciate your feedback and want to share your experience of working with MIA so that other customers can know what to expect when working with us, especially our remote customers who may not be able to meet us in person.<\/p>\n<hr \/>\n<p><img loading=\"lazy\" decoding=\"async\" class=\"alignright wp-image-24422 size-full\" src=\"http:\/\/www.miapropertyboutique.com\/wp-content\/uploads\/2017\/07\/thankyou-mia-property-boutique.jpg\" alt=\"thankyou mia property boutique\" width=\"1377\" height=\"917\" srcset=\"https:\/\/www.miapropertyboutique.com\/wp-content\/uploads\/2017\/07\/thankyou-mia-property-boutique.jpg 1377w, https:\/\/www.miapropertyboutique.com\/wp-content\/uploads\/2017\/07\/thankyou-mia-property-boutique-300x200.jpg 300w, https:\/\/www.miapropertyboutique.com\/wp-content\/uploads\/2017\/07\/thankyou-mia-property-boutique-768x511.jpg 768w, https:\/\/www.miapropertyboutique.com\/wp-content\/uploads\/2017\/07\/thankyou-mia-property-boutique-1024x682.jpg 1024w, https:\/\/www.miapropertyboutique.com\/wp-content\/uploads\/2017\/07\/thankyou-mia-property-boutique-150x100.jpg 150w, https:\/\/www.miapropertyboutique.com\/wp-content\/uploads\/2017\/07\/thankyou-mia-property-boutique-244x163.jpg 244w\" sizes=\"auto, (max-width: 1377px) 100vw, 1377px\" \/><\/p>\n<p><img loading=\"lazy\" decoding=\"async\" class=\"alignright size-full wp-image-24423\" src=\"http:\/\/www.miapropertyboutique.com\/wp-content\/uploads\/2017\/07\/MIA-Thankkyou.jpg\" alt=\"thankyou mia property boutique\" width=\"1813\" height=\"1313\" srcset=\"https:\/\/www.miapropertyboutique.com\/wp-content\/uploads\/2017\/07\/MIA-Thankkyou.jpg 1813w, https:\/\/www.miapropertyboutique.com\/wp-content\/uploads\/2017\/07\/MIA-Thankkyou-300x217.jpg 300w, https:\/\/www.miapropertyboutique.com\/wp-content\/uploads\/2017\/07\/MIA-Thankkyou-768x556.jpg 768w, https:\/\/www.miapropertyboutique.com\/wp-content\/uploads\/2017\/07\/MIA-Thankkyou-1024x742.jpg 1024w, https:\/\/www.miapropertyboutique.com\/wp-content\/uploads\/2017\/07\/MIA-Thankkyou-150x109.jpg 150w, https:\/\/www.miapropertyboutique.com\/wp-content\/uploads\/2017\/07\/MIA-Thankkyou-82x60.jpg 82w\" sizes=\"auto, (max-width: 1813px) 100vw, 1813px\" \/><\/p>\n<div id=\"testimonial_rotator_wrap_17143\" class=\"testimonial_rotator_wrap\">\n\t<div id=\"testimonial_rotator_17143\" class=\"testimonial_rotator  format-list template-longform hreview-aggregate \" data-cycletwo-timeout=\"4000\" data-cycletwo-speed=\"1000\" data-cycletwo-pause-on-hover=\"true\"  data-cycletwo-swipe=\"true\" data-cycletwo-fx=\"flipHorz\" data-cycletwo-auto-height=\"calc\" data-cycletwo-slides=\"> div.slide\" data-cycletwo-log=\"false\" >\n<div class=\"slide slide1 testimonial_rotator_slide hreview itemreviewed item  cf-tr\">\n<div class=\"testimonial_rotator_stars cf-tr\">\n\t<span class=\"testimonial_rotator_star testimonial_rotator_star_1\"><i class=\"fa fa-star\"><\/i><\/span>\t<span class=\"testimonial_rotator_star testimonial_rotator_star_2\"><i class=\"fa fa-star\"><\/i><\/span>\t<span class=\"testimonial_rotator_star testimonial_rotator_star_3\"><i class=\"fa fa-star\"><\/i><\/span>\t<span class=\"testimonial_rotator_star testimonial_rotator_star_4\"><i class=\"fa fa-star\"><\/i><\/span>\t<span class=\"testimonial_rotator_star testimonial_rotator_star_5\"><i class=\"fa fa-star\"><\/i><\/span><\/div>\n<h2 class=\"testimonial_rotator_slide_title\">Thanks for all your help we think you are fab!<\/h2>\n<div class=\"text testimonial_rotator_description\">\n<div class=\"testimonial_rotator_quote\">\nTo Roberta and the MIA property gang. Thanks for all your help we think you are fab!<br \/>\r\n<br \/>\r\nWith love<\/div>\n<hr class=\"longform_hr\"><div class=\"testimonial_rotator_author_info cf-tr\">\n<p>Terry &amp; Wendy<\/p>\n<\/div>\n<\/div>\n\t<div class=\"testimonial_rotator_microdata\">\n\t<div class=\"item\"><div class=\"fn\">MIA Property Boutique SL<\/div><\/div>\n\t<div class=\"rating\">5<\/div>\n\t<div class=\"dtreviewed\"> 2017-10-20T14:51:15+00:00<\/div>\t<div class=\"reviewer\"> \t<div class=\"fn\"> <p>Terry &amp; Wendy<\/p>\n<\/div>\t<\/div>To Roberta and the MIA property gang. Thanks for all your help we think you are fab! With love\t<div class=\"summary\"> <\/div>\t<div class=\"permalink\"> https:\/\/www.miapropertyboutique.com\/sv\/testimonials\/thanks-for-all-your-help-we-think-you-are-fab\/<\/div>\t<\/div><!-- .testimonial_rotator_microdata -->\n<\/div>\n<div class=\"slide slide2 testimonial_rotator_slide hreview itemreviewed item  cf-tr\">\n<div class=\"testimonial_rotator_stars cf-tr\">\n\t<span class=\"testimonial_rotator_star testimonial_rotator_star_1\"><i class=\"fa fa-star\"><\/i><\/span>\t<span class=\"testimonial_rotator_star testimonial_rotator_star_2\"><i class=\"fa fa-star\"><\/i><\/span>\t<span class=\"testimonial_rotator_star testimonial_rotator_star_3\"><i class=\"fa fa-star\"><\/i><\/span>\t<span class=\"testimonial_rotator_star testimonial_rotator_star_4\"><i class=\"fa fa-star\"><\/i><\/span>\t<span class=\"testimonial_rotator_star testimonial_rotator_star_5\"><i class=\"fa fa-star\"><\/i><\/span><\/div>\n<h2 class=\"testimonial_rotator_slide_title\">I take the opportunity to congratulate you and your team<\/h2>\n<div class=\"text testimonial_rotator_description\">\n<div class=\"testimonial_rotator_quote\">\nWe are very happy with the decision to rent the ground floor that you recommended in the first place. Yesterday we were called by the owners of the apartment of the Gran V\u00eda of Alicante to return it to us. Of course we told them not because they had behaved in a very unprofessional way. I take the opportunity to congratulate you and your team for being so professional and transparent because it is what people want.<\/div>\n<hr class=\"longform_hr\"><div class=\"testimonial_rotator_author_info cf-tr\">\n<p>Sergio, Arenales del Sol, Alicante<\/p>\n<\/div>\n<\/div>\n\t<div class=\"testimonial_rotator_microdata\">\n\t<div class=\"item\"><div class=\"fn\">MIA Property Boutique SL<\/div><\/div>\n\t<div class=\"rating\">5<\/div>\n\t<div class=\"dtreviewed\"> 2017-07-12T07:02:24+00:00<\/div>\t<div class=\"reviewer\"> \t<div class=\"fn\"> <p>Sergio, Arenales del Sol, Alicante<\/p>\n<\/div>\t<\/div>We are very happy with the decision to rent the ground floor that you recommended in the first place. Yesterday we were called by the owners of the apartment of the Gran V\u00eda of Alicante to return it to us. Of course we told them not because they had behaved in a very unprofessional way. I take the opportunity to congratulate you and your team for being so professional and transparent because it is what people want.\t<div class=\"summary\"> <\/div>\t<div class=\"permalink\"> https:\/\/www.miapropertyboutique.com\/sv\/testimonials\/i-take-the-opportunity-to-congratulate-you-and-your-team\/<\/div>\t<\/div><!-- .testimonial_rotator_microdata -->\n<\/div>\n<div class=\"slide slide3 testimonial_rotator_slide hreview itemreviewed item  cf-tr\">\n<div class=\"testimonial_rotator_stars cf-tr\">\n\t<span class=\"testimonial_rotator_star testimonial_rotator_star_1\"><i class=\"fa fa-star\"><\/i><\/span>\t<span class=\"testimonial_rotator_star testimonial_rotator_star_2\"><i class=\"fa fa-star\"><\/i><\/span>\t<span class=\"testimonial_rotator_star testimonial_rotator_star_3\"><i class=\"fa fa-star\"><\/i><\/span>\t<span class=\"testimonial_rotator_star testimonial_rotator_star_4\"><i class=\"fa fa-star\"><\/i><\/span>\t<span class=\"testimonial_rotator_star testimonial_rotator_star_5\"><i class=\"fa fa-star\"><\/i><\/span><\/div>\n<h2 class=\"testimonial_rotator_slide_title\">From my experience personalized and excellent treatment<\/h2>\n<div class=\"text testimonial_rotator_description\">\n<div class=\"testimonial_rotator_quote\">\nFrom my experience personalized and excellent treatment. absolute dedication to my house for rent with my condition getting both before and after renting. I recommend it 100%.<\/div>\n<hr class=\"longform_hr\"><div class=\"testimonial_rotator_author_info cf-tr\">\n<p>Maria Gil, Alicante<\/p>\n<\/div>\n<\/div>\n\t<div class=\"testimonial_rotator_microdata\">\n\t<div class=\"item\"><div class=\"fn\">MIA Property Boutique SL<\/div><\/div>\n\t<div class=\"rating\">5<\/div>\n\t<div class=\"dtreviewed\"> 2017-07-12T06:54:40+00:00<\/div>\t<div class=\"reviewer\"> \t<div class=\"fn\"> <p>Maria Gil, Alicante<\/p>\n<\/div>\t<\/div>From my experience personalized and excellent treatment. absolute dedication to my house for rent with my condition getting both before and after renting. I recommend it 100%.\t<div class=\"summary\"> <\/div>\t<div class=\"permalink\"> https:\/\/www.miapropertyboutique.com\/sv\/testimonials\/from-my-experience-personalized-and-excellent-treatment\/<\/div>\t<\/div><!-- .testimonial_rotator_microdata -->\n<\/div>\n<div class=\"slide slide4 testimonial_rotator_slide hreview itemreviewed item  cf-tr\">\n<div class=\"testimonial_rotator_stars cf-tr\">\n\t<span class=\"testimonial_rotator_star testimonial_rotator_star_1\"><i class=\"fa fa-star\"><\/i><\/span>\t<span class=\"testimonial_rotator_star testimonial_rotator_star_2\"><i class=\"fa fa-star\"><\/i><\/span>\t<span class=\"testimonial_rotator_star testimonial_rotator_star_3\"><i class=\"fa fa-star\"><\/i><\/span>\t<span class=\"testimonial_rotator_star testimonial_rotator_star_4\"><i class=\"fa fa-star\"><\/i><\/span>\t<span class=\"testimonial_rotator_star testimonial_rotator_star_5\"><i class=\"fa fa-star\"><\/i><\/span><\/div>\n<h2 class=\"testimonial_rotator_slide_title\">We could not recommend MIA more highly<\/h2>\n<div class=\"text testimonial_rotator_description\">\n<div class=\"testimonial_rotator_quote\">\nMIA Property Boutique is a fantastic real estate firm. We live in the US and were struggling with locating a rental property in Alicante to rent for a year. It is much more difficult to navigate the rental market in Spain than it is in the US. For example, in Alicante you cannot log onto a central website and pull down all rentals. Instead, people that rent properties usually have exclusive arrangements with brokers, and so you have to go to each broker's website separately to see what they have (or claim to have) in their inventory.<br \/>\r\n<br \/>\r\nWe contacted several real estate firms and were extremely fortunate to have reached out to to MIA. Mary Arro and her team helped us locate a great rental property. She contacted other firms and third-parties and was able to find several listings that were not even on their websites. In contrast, other firms we encountered did not follow through to the same extent with our inquiries and were not nearly as helpful. Also, MIA was extremely responsive, thorough, and very focused on helping us find what made sense to us--as opposed to finding what might generate the biggest commission to MIA. We could not recommend MIA more highly.<\/div>\n<hr class=\"longform_hr\"><div class=\"testimonial_rotator_author_info cf-tr\">\n<p>G.H., Client from the US<\/p>\n<\/div>\n<\/div>\n\t<div class=\"testimonial_rotator_microdata\">\n\t<div class=\"item\"><div class=\"fn\">MIA Property Boutique SL<\/div><\/div>\n\t<div class=\"rating\">5<\/div>\n\t<div class=\"dtreviewed\"> 2017-07-12T06:52:44+00:00<\/div>\t<div class=\"reviewer\"> \t<div class=\"fn\"> <p>G.H., Client from the US<\/p>\n<\/div>\t<\/div>MIA Property Boutique is a fantastic real estate firm. We live in the US and were struggling with locating a rental property in Alicante to rent for a year. It is much more difficult to navigate the rental market in Spain than it is in the US. For example, in Alicante you cannot log onto a central website and pull down all rentals. Instead, people that rent properties usually have exclusive arrangements with brokers, and so you have to go to each broker's website separately to see what they have (or claim to have) in their inventory. We contacted several real estate firms and were extremely fortunate to have reached out to to MIA. Mary Arro and her team helped us locate a great rental property. She contacted other firms and third-parties and was able to find several listings that were not even on their websites. In contrast, other firms we encountered did not follow through to the same extent with our inquiries and were not nearly as helpful. Also, MIA was extremely responsive, thorough, and very focused on helping us find what made sense to us--as opposed to finding what might generate the biggest commission to MIA. We could not recommend MIA more highly.\t<div class=\"summary\"> <\/div>\t<div class=\"permalink\"> https:\/\/www.miapropertyboutique.com\/sv\/testimonials\/we-could-not-recommend-mia-more-highly\/<\/div>\t<\/div><!-- .testimonial_rotator_microdata -->\n<\/div>\n<div class=\"slide slide5 testimonial_rotator_slide hreview itemreviewed item  cf-tr\">\n<div class=\"testimonial_rotator_stars cf-tr\">\n\t<span class=\"testimonial_rotator_star testimonial_rotator_star_1\"><i class=\"fa fa-star\"><\/i><\/span>\t<span class=\"testimonial_rotator_star testimonial_rotator_star_2\"><i class=\"fa fa-star\"><\/i><\/span>\t<span class=\"testimonial_rotator_star testimonial_rotator_star_3\"><i class=\"fa fa-star\"><\/i><\/span>\t<span class=\"testimonial_rotator_star testimonial_rotator_star_4\"><i class=\"fa fa-star\"><\/i><\/span>\t<span class=\"testimonial_rotator_star testimonial_rotator_star_5\"><i class=\"fa fa-star\"><\/i><\/span><\/div>\n<h2 class=\"testimonial_rotator_slide_title\">Better service can not be obtained. Highly recommend<\/h2>\n<div class=\"text testimonial_rotator_description\">\n<div class=\"testimonial_rotator_quote\">\nWhen I bought an apartment in Campello, they took care of everything. Better service can not be obtained. Highly recommend<\/div>\n<hr class=\"longform_hr\"><div class=\"testimonial_rotator_author_info cf-tr\">\n<p>Tor Gustafsson<\/p>\n<\/div>\n<\/div>\n\t<div class=\"testimonial_rotator_microdata\">\n\t<div class=\"item\"><div class=\"fn\">MIA Property Boutique SL<\/div><\/div>\n\t<div class=\"rating\">5<\/div>\n\t<div class=\"dtreviewed\"> 2017-10-15T10:24:47+00:00<\/div>\t<div class=\"reviewer\"> \t<div class=\"fn\"> <p>Tor Gustafsson<\/p>\n<\/div>\t<\/div>When I bought an apartment in Campello, they took care of everything. Better service can not be obtained. Highly recommend\t<div class=\"summary\"> <\/div>\t<div class=\"permalink\"> https:\/\/www.miapropertyboutique.com\/sv\/testimonials\/better-service-can-not-be-obtained-highly-recommend\/<\/div>\t<\/div><!-- .testimonial_rotator_microdata -->\n<\/div>\n<div class=\"slide slide6 testimonial_rotator_slide hreview itemreviewed item  cf-tr\">\n<h2 class=\"testimonial_rotator_slide_title\">Their great service has continued post purchase and been invaluable<\/h2>\n<div class=\"text testimonial_rotator_description\">\n<div class=\"testimonial_rotator_quote\">\nWe found Mia Property boutique by chance on a web search and they responded quickly and this has been our experience on-going! The team especially Luisa and Mary have been very flexible in helping us both find and secure a property in Alicante and explaining the process as well as actively helping out. Their great service has continued post purchase and been invaluable.Thank you!<\/div>\n<hr class=\"longform_hr\"><div class=\"testimonial_rotator_author_info cf-tr\">\n<p>Deirdre Clitheroe<\/p>\n<\/div>\n<\/div>\n\t<div class=\"testimonial_rotator_microdata\">\n\t<div class=\"item\"><div class=\"fn\">MIA Property Boutique SL<\/div><\/div>\n\t<div class=\"dtreviewed\"> 2017-11-02T15:53:59+00:00<\/div>\t<div class=\"reviewer\"> \t<div class=\"fn\"> <p>Deirdre Clitheroe<\/p>\n<\/div>\t<\/div>We found Mia Property boutique by chance on a web search and they responded quickly and this has been our experience on-going! The team especially Luisa and Mary have been very flexible in helping us both find and secure a property in Alicante and explaining the process as well as actively helping out. Their great service has continued post purchase and been invaluable.Thank you!\t<div class=\"summary\"> <\/div>\t<div class=\"permalink\"> https:\/\/www.miapropertyboutique.com\/sv\/testimonials\/their-great-service-has-continued-post-purchase-and-been-invaluable\/<\/div>\t<\/div><!-- .testimonial_rotator_microdata -->\n<\/div>\n<div class=\"slide slide7 testimonial_rotator_slide hreview itemreviewed item  cf-tr\">\n<div class=\"testimonial_rotator_stars cf-tr\">\n\t<span class=\"testimonial_rotator_star testimonial_rotator_star_1\"><i class=\"fa fa-star\"><\/i><\/span>\t<span class=\"testimonial_rotator_star testimonial_rotator_star_2\"><i class=\"fa fa-star\"><\/i><\/span>\t<span class=\"testimonial_rotator_star testimonial_rotator_star_3\"><i class=\"fa fa-star\"><\/i><\/span>\t<span class=\"testimonial_rotator_star testimonial_rotator_star_4\"><i class=\"fa fa-star\"><\/i><\/span>\t<span class=\"testimonial_rotator_star testimonial_rotator_star_5\"><i class=\"fa fa-star\"><\/i><\/span><\/div>\n<h2 class=\"testimonial_rotator_slide_title\">Je me souviens que de personnes aimables et serviables&#8230;<\/h2>\n<div class=\"text testimonial_rotator_description\">\n<div class=\"testimonial_rotator_quote\">\nJ'ai eu beaucoup de chance avec l'achat de ma maison d'avoir trouv\u00e9 cette agence immobili\u00e8re. Je me souviens que de personnes aimables et serviables et qui m'ont conseill\u00e9 de fa\u00e7on admirable avec un suivi sans reproche et toujours \u00e0 la recherche d'une solution et aujourd'hui je suis fier de mon chez moi<\/div>\n<hr class=\"longform_hr\"><div class=\"testimonial_rotator_author_info cf-tr\">\n<p>Jean Paul, B\u00e9lgica<\/p>\n<\/div>\n<\/div>\n\t<div class=\"testimonial_rotator_microdata\">\n\t<div class=\"item\"><div class=\"fn\">MIA Property Boutique SL<\/div><\/div>\n\t<div class=\"rating\">5<\/div>\n\t<div class=\"dtreviewed\"> 2017-09-07T14:15:49+00:00<\/div>\t<div class=\"reviewer\"> \t<div class=\"fn\"> <p>Jean Paul, B\u00e9lgica<\/p>\n<\/div>\t<\/div>J'ai eu beaucoup de chance avec l'achat de ma maison d'avoir trouv\u00e9 cette agence immobili\u00e8re. Je me souviens que de personnes aimables et serviables et qui m'ont conseill\u00e9 de fa\u00e7on admirable avec un suivi sans reproche et toujours \u00e0 la recherche d'une solution et aujourd'hui je suis fier de mon chez moi\t<div class=\"summary\"> <\/div>\t<div class=\"permalink\"> https:\/\/www.miapropertyboutique.com\/sv\/testimonials\/je-me-souviens-que-de-personnes-aimables-et-serviables\/<\/div>\t<\/div><!-- .testimonial_rotator_microdata -->\n<\/div>\n<div class=\"slide slide8 testimonial_rotator_slide hreview itemreviewed item  cf-tr\">\n<div class=\"testimonial_rotator_stars cf-tr\">\n\t<span class=\"testimonial_rotator_star testimonial_rotator_star_1\"><i class=\"fa fa-star\"><\/i><\/span>\t<span class=\"testimonial_rotator_star testimonial_rotator_star_2\"><i class=\"fa fa-star\"><\/i><\/span>\t<span class=\"testimonial_rotator_star testimonial_rotator_star_3\"><i class=\"fa fa-star\"><\/i><\/span>\t<span class=\"testimonial_rotator_star testimonial_rotator_star_4\"><i class=\"fa fa-star\"><\/i><\/span>\t<span class=\"testimonial_rotator_star testimonial_rotator_star_5\"><i class=\"fa fa-star\"><\/i><\/span><\/div>\n<h2 class=\"testimonial_rotator_slide_title\">In the future you will be our agency of choice<\/h2>\n<div class=\"text testimonial_rotator_description\">\n<div class=\"testimonial_rotator_quote\">\nThanks for all the work undertaken and collaboration en the rental of our home. \u00a0In the future you will be our agency of choice when looking for new tenants. \u00a0Great professionals!!!<\/div>\n<hr class=\"longform_hr\"><div class=\"testimonial_rotator_author_info cf-tr\">\n<p>Pedro J. P\u00e9rez (Alicante)<\/p>\n<\/div>\n<\/div>\n\t<div class=\"testimonial_rotator_microdata\">\n\t<div class=\"item\"><div class=\"fn\">MIA Property Boutique SL<\/div><\/div>\n\t<div class=\"rating\">5<\/div>\n\t<div class=\"dtreviewed\"> 2016-09-09T19:38:29+00:00<\/div>\t<div class=\"reviewer\"> \t<div class=\"fn\"> <p>Pedro J. P\u00e9rez (Alicante)<\/p>\n<\/div>\t<\/div>Thanks for all the work undertaken and collaboration en the rental of our home. \u00a0In the future you will be our agency of choice when looking for new tenants. \u00a0Great professionals!!!\t<div class=\"summary\"> <\/div>\t<div class=\"permalink\"> https:\/\/www.miapropertyboutique.com\/sv\/testimonials\/in-the-future-you-will-be-our-agency-of-choice\/<\/div>\t<\/div><!-- .testimonial_rotator_microdata -->\n<\/div>\n<div class=\"slide slide9 testimonial_rotator_slide hreview itemreviewed item  cf-tr\">\n<div class=\"testimonial_rotator_stars cf-tr\">\n\t<span class=\"testimonial_rotator_star testimonial_rotator_star_1\"><i class=\"fa fa-star\"><\/i><\/span>\t<span class=\"testimonial_rotator_star testimonial_rotator_star_2\"><i class=\"fa fa-star\"><\/i><\/span>\t<span class=\"testimonial_rotator_star testimonial_rotator_star_3\"><i class=\"fa fa-star\"><\/i><\/span>\t<span class=\"testimonial_rotator_star testimonial_rotator_star_4\"><i class=\"fa fa-star\"><\/i><\/span>\t<span class=\"testimonial_rotator_star testimonial_rotator_star_5\"><i class=\"fa fa-star\"><\/i><\/span><\/div>\n<h2 class=\"testimonial_rotator_slide_title\">Congratulations and thanks for your work.<\/h2>\n<div class=\"text testimonial_rotator_description\">\n<div class=\"testimonial_rotator_quote\">\nWell it's been a pleasure to be able to enjoy the great professionalism that you have shown during the lengthy photographic session that you undertook at our home. Not only have you successfully reflected the architecture and the decoration of the home, but also you have tried to reflect the soul or the escence of what it means to those who live there...and y have achieved it! \u00a0Congratulations and thanks for your work.<br \/>\r\nRegards<\/div>\n<hr class=\"longform_hr\"><div class=\"testimonial_rotator_author_info cf-tr\">\n<p>Julian, Alicante<\/p>\n<\/div>\n<\/div>\n\t<div class=\"testimonial_rotator_microdata\">\n\t<div class=\"item\"><div class=\"fn\">MIA Property Boutique SL<\/div><\/div>\n\t<div class=\"rating\">5<\/div>\n\t<div class=\"dtreviewed\"> 2015-02-03T23:32:42+00:00<\/div>\t<div class=\"reviewer\"> \t<div class=\"fn\"> <p>Julian, Alicante<\/p>\n<\/div>\t<\/div>Well it's been a pleasure to be able to enjoy the great professionalism that you have shown during the lengthy photographic session that you undertook at our home. Not only have you successfully reflected the architecture and the decoration of the home, but also you have tried to reflect the soul or the escence of what it means to those who live there...and y have achieved it! \u00a0Congratulations and thanks for your work. Regards\t<div class=\"summary\"> <\/div>\t<div class=\"permalink\"> https:\/\/www.miapropertyboutique.com\/sv\/testimonials\/congratulations-and-thanks-for-your-work\/<\/div>\t<\/div><!-- .testimonial_rotator_microdata -->\n<\/div>\n<div class=\"testimonial_rotator_microdata\">\n\t<div class=\"rating\">5<\/div>\n\t<div class=\"count\">8<\/div>\n\t<div class=\"item\"><div class=\"fn\">MIA Property Boutique SL<\/div><\/div>\n<\/div>\n<\/div><!-- #testimonial_rotator_17143 -->\n<\/div><!-- .testimonial_rotator_wrap -->\n\n\n<p><em><br \/>\nWe are not perfect and understand there is always room for improvement in any business. If you have some ideas on how we can better help our customers, we are all ears! Please be sure to get in touch with us.<\/em><\/p>\n<p><img loading=\"lazy\" decoding=\"async\" class=\"size-large wp-image-22344 aligncenter\" src=\"http:\/\/www.miapropertyboutique.com\/wp-content\/uploads\/2017\/07\/Team-Banner-1024x190.jpg\" alt=\"mia property boutique estate agency costa blanca\" width=\"828\" height=\"154\" srcset=\"https:\/\/www.miapropertyboutique.com\/wp-content\/uploads\/2017\/07\/Team-Banner-1024x190.jpg 1024w, https:\/\/www.miapropertyboutique.com\/wp-content\/uploads\/2017\/07\/Team-Banner-300x56.jpg 300w, https:\/\/www.miapropertyboutique.com\/wp-content\/uploads\/2017\/07\/Team-Banner-768x143.jpg 768w, https:\/\/www.miapropertyboutique.com\/wp-content\/uploads\/2017\/07\/Team-Banner-150x28.jpg 150w, https:\/\/www.miapropertyboutique.com\/wp-content\/uploads\/2017\/07\/Team-Banner.jpg 1142w\" sizes=\"auto, (max-width: 828px) 100vw, 828px\" \/><\/p>\n<p>&nbsp;<\/p>\n","protected":false},"excerpt":{"rendered":"<p>Hear what our customers have to say about MIA We work hard so that you, our customers, have a positive experience in an otherwise stressful process of buying or selling your home! We really appreciate your feedback and want to share your experience of working with MIA so that other customers can know what to&#8230;<\/p>\n","protected":false},"author":38,"featured_media":0,"parent":0,"menu_order":0,"comment_status":"closed","ping_status":"closed","template":"templates\/template-fullwidth.php","meta":{"footnotes":""},"class_list":["post-22356","page","type-page","status-publish","hentry"],"_links":{"self":[{"href":"https:\/\/www.miapropertyboutique.com\/sv\/wp-json\/wp\/v2\/pages\/22356","targetHints":{"allow":["GET"]}}],"collection":[{"href":"https:\/\/www.miapropertyboutique.com\/sv\/wp-json\/wp\/v2\/pages"}],"about":[{"href":"https:\/\/www.miapropertyboutique.com\/sv\/wp-json\/wp\/v2\/types\/page"}],"author":[{"embeddable":true,"href":"https:\/\/www.miapropertyboutique.com\/sv\/wp-json\/wp\/v2\/users\/38"}],"replies":[{"embeddable":true,"href":"https:\/\/www.miapropertyboutique.com\/sv\/wp-json\/wp\/v2\/comments?post=22356"}],"version-history":[{"count":7,"href":"https:\/\/www.miapropertyboutique.com\/sv\/wp-json\/wp\/v2\/pages\/22356\/revisions"}],"predecessor-version":[{"id":24443,"href":"https:\/\/www.miapropertyboutique.com\/sv\/wp-json\/wp\/v2\/pages\/22356\/revisions\/24443"}],"wp:attachment":[{"href":"https:\/\/www.miapropertyboutique.com\/sv\/wp-json\/wp\/v2\/media?parent=22356"}],"curies":[{"name":"wp","href":"https:\/\/api.w.org\/{rel}","templated":true}]}}